{"id":3,"date":"2025-10-30T16:44:55","date_gmt":"2025-10-30T16:44:55","guid":{"rendered":"https:\/\/michaeltomasiniwellness.com\/?page_id=3"},"modified":"2026-01-04T12:37:54","modified_gmt":"2026-01-04T12:37:54","slug":"politique-de-confidentialite","status":"publish","type":"page","link":"https:\/\/michaeltomasiniwellness.com\/fr\/privacy-policy\/","title":{"rendered":"Datenschutzerkl\u00e4rung Politique de confidentialit\u00e9"},"content":{"rendered":"<div data-elementor-type=\"wp-page\" data-elementor-id=\"3\" class=\"elementor elementor-3\">\n\t\t\t\t<div class=\"elementor-element elementor-element-d905624 e-flex e-con-boxed qodef-elementor-content-no e-con e-parent\" data-id=\"d905624\" data-element_type=\"container\" data-e-type=\"container\">\n\t\t\t\t\t<div class=\"e-con-inner\">\n\t\t\t\t<div class=\"elementor-element elementor-element-a66519a elementor-widget elementor-widget-heading\" data-id=\"a66519a\" data-element_type=\"widget\" data-e-type=\"widget\" data-widget_type=\"heading.default\">\n\t\t\t\t\t<h2 class=\"elementor-heading-title elementor-size-default\"><span style=\"white-space: normal\">Datenschutzerkl\u00e4rung \/ Politique de confidentialit\u00e9<\/span><\/h2>\t\t\t\t<\/div>\n\t\t\t\t<div class=\"elementor-element elementor-element-409549e elementor-widget elementor-widget-text-editor\" data-id=\"409549e\" data-element_type=\"widget\" data-e-type=\"widget\" data-widget_type=\"text-editor.default\">\n\t\t\t\t\t\t\t\t\t<p class=\"p1\" style=\"caret-color: #000000; color: #000000;\">Site web\u00a0: https:\/\/michaeltomasiniwellness.com<\/p>\n<p class=\"p1\" style=\"caret-color: #000000; color: #000000;\">\u00c9tat actuel \/ Derni\u00e8re mise \u00e0 jour : 4 janvier 2026<\/p>\t\t\t\t\t\t\t\t<\/div>\n\t\t\t\t<div class=\"elementor-element elementor-element-6eb5648 elementor-widget elementor-widget-text-editor\" data-id=\"6eb5648\" data-element_type=\"widget\" data-e-type=\"widget\" data-widget_type=\"text-editor.default\">\n\t\t\t\t\t\t\t\t\t<h2 style=\"caret-color: #000000; color: #000000;\">1. Verantwortlicher \/ Contr\u00f4leur<\/h2>\n<p>Michael Tomasini<\/p>\n<p>Steinbergsiedlung 4, 09122 Chemnitz, Allemagne<\/p>\n<p>Courriel\u00a0: michaelunicity2722@gmail.com<\/p>\n<p>T\u00e9l\u00e9phone : +49 (0)15221995223<\/p>\n<p>Une datenschutzbeauftragter n\u2019est pas disponible. \/ Nous n&#039;avons pas nomm\u00e9 de d\u00e9l\u00e9gu\u00e9 \u00e0 la protection des donn\u00e9es (DPD).<\/p>\t\t\t\t\t\t\t\t<\/div>\n\t\t\t\t<div class=\"elementor-element elementor-element-cf3c1d3 elementor-widget elementor-widget-text-editor\" data-id=\"cf3c1d3\" data-element_type=\"widget\" data-e-type=\"widget\" data-widget_type=\"text-editor.default\">\n\t\t\t\t\t\t\t\t\t<h2 class=\"p3\"><span style=\"font-family: inherit; text-align: var(--text-align);\">2. Allgemeine Hinweise \/ Informations g\u00e9n\u00e9rales<\/span><\/h2>\n<p><span style=\"text-align: var(--text-align); font-size: 17px;\">Wir verarbeiten personenbezogene Daten nach den Vorgaben der DSGVO. Cette datenschutzerkl\u00e4rung erl\u00e4utert, welche Daten wir verarbeiten, zu welchen Zwecken et welche Rechte Sie haben.<\/span><\/p>\n<p class=\"p1\">Nous traitons les donn\u00e9es personnelles conform\u00e9ment au RGPD. La pr\u00e9sente politique de confidentialit\u00e9 explique quelles donn\u00e9es nous traitons, \u00e0 quelles fins et quels sont vos droits.<\/p>\n<p class=\"p1\">Rechtsgrundlagen \/ Bases juridiques (je nach Fall \/ selon la situation)\u00a0:<\/p>\n<p class=\"p1\">\u2022 Einwilligung \/ Consentement (Art. 6 Abs. 1 lit. a DSGVO \/ Art. 6(1)(a) RGPD)<\/p>\n<p class=\"p1\">\u2022 Vertrag \/ vorvertragliche Ma\u00dfnahmen \/ \u00c9tapes contractuelles ou pr\u00e9contractuelles (Art. 6 Abs. 1 lit. b DSGVO \/ Art. 6, paragraphe 1, point b) du RGPD)<\/p>\n<p class=\"p1\">\u2022 Berechtigte Interessen \/ Int\u00e9r\u00eats l\u00e9gitimes (Art. 6 Abs. 1 lit. f DSGVO \/ Art. 6(1)(f) RGPD)<\/p>\t\t\t\t\t\t\t\t<\/div>\n\t\t\t\t<div class=\"elementor-element elementor-element-7ba86db elementor-widget elementor-widget-text-editor\" data-id=\"7ba86db\" data-element_type=\"widget\" data-e-type=\"widget\" data-widget_type=\"text-editor.default\">\n\t\t\t\t\t\t\t\t\t<h2 class=\"p1\"><span style=\"text-align: var(--text-align);\">3. H\u00e9bergement et fichiers journaux du serveur \/ Journaux d&#039;h\u00e9bergement et du serveur<\/span><\/h2>\n<p class=\"p1\">Ce site Web est h\u00e9berg\u00e9 par Bluehost. Bei jedem Zugriff k\u00f6nnen technisch bedingt Daten in Server-Logfiles verarbeitet werden, z. B.\u00a0:<\/p>\n<p class=\"p1\">\u2022 Adresse IP \/ Adresse IP<\/p>\n<p class=\"p1\">\u2022 Datum und Uhrzeit des Abrufs \/ date et heure d&#039;acc\u00e8s<\/p>\n<p class=\"p1\">\u2022 aufgerufene Seite\/Datei \/ page\/fichier demand\u00e9<\/p>\n<p class=\"p1\">\u2022 URL de r\u00e9f\u00e9rence \/ URL de r\u00e9f\u00e9rence<\/p>\n<p class=\"p1\">\u2022 Type de navigateur et syst\u00e8me d&#039;exploitation \/ type de navigateur et syst\u00e8me d&#039;exploitation<\/p>\n<p class=\"p1\">\u2022 Codes d&#039;\u00e9tat \/ volume de donn\u00e9es<\/p>\n<p class=\"p1\">Zweck \/ Objectif : Betrieb, Stabilit\u00e4t und Sicherheit (z. B. Schutz vor Angriffen).<\/p>\n<p class=\"p1\">Rechtsgrundlage \/ Base juridique : berechtigtes Interesse (Art. 6 Abs. 1 lit. f DSGVO) \/ int\u00e9r\u00eat l\u00e9gitime (Art. 6 (1)(f) RGPD).<\/p>\n<p class=\"p1\">Speicherdauer \/ Retention\u00a0: Les fichiers journaux ne sont pas stock\u00e9s de mani\u00e8re tr\u00e8s longue, comme pour la gestion et la s\u00e9curit\u00e9 (richtwert\u00a0: jusqu&#039;\u00e0 30\u00a0jours), et sont prot\u00e9g\u00e9s de mani\u00e8re anonyme ou anonyme.<\/p>\n<p class=\"p1\">Remarque\u00a0: Je n&#039;arrive pas \u00e0 configurer la configuration technique auch au\u00dferhalb der EU\/des EWR stattfinden (par exemple, par Support- oder Infrastrukturleistungen).<\/p>\n<p class=\"p3\">\u00a0<\/p>\t\t\t\t\t\t\t\t<\/div>\n\t\t\t\t<div class=\"elementor-element elementor-element-be52649 elementor-widget elementor-widget-text-editor\" data-id=\"be52649\" data-element_type=\"widget\" data-e-type=\"widget\" data-widget_type=\"text-editor.default\">\n\t\t\t\t\t\t\t\t\t<h2 class=\"p1\">4. Cookies, Consent-Tool (Complianz) \/ Cookies and consent (Complianz)<\/h2>\n<p class=\"p1\">Nous utilisons des cookies et des technologies avanc\u00e9es. En Allemagne, les cookies ne sont pas autoris\u00e9s par bzw. vergleichbare Technologien in der Regel eine Einwilligung erforderlich.<\/p>\n<p class=\"p1\">Nous utilisons des cookies et des technologies similaires. En Allemagne, le consentement est g\u00e9n\u00e9ralement requis pour les cookies non essentiels et les technologies similaires.<\/p>\n<h3 class=\"p1\">Gestion du consentement (Conformit\u00e9)<\/h3>\n<p class=\"p1\">Nous vous proposons de vous conformer \u00e0 une banni\u00e8re de cookies\/consentement et \u00e0 vos suggestions d&#039;utilisation. Sie k\u00f6nnen Ihre Einwilligung jederzeit \u00fcber die Consent-Einstellungen broadrufen orer \u00e4ndern.<\/p>\n<p class=\"p1\">Nous utilisons Complianz pour afficher une banni\u00e8re de cookies\/consentement et g\u00e9rer vos pr\u00e9f\u00e9rences. Vous pouvez modifier ou retirer votre consentement \u00e0 tout moment via les param\u00e8tres de consentement.<\/p>\n<h3 class=\"p1\">Commentaires-Cookies \/ Cookies de commentaires<\/h3>\n<p class=\"p1\">Si vous avez un commentaire sur l&#039;arri\u00e8re-plan, vous pouvez \u2013 votre d\u00e9claration pr\u00e9alable \u2013 un cookie imprim\u00e9, votre nom, votre adresse e-mail et votre ggf. Votre site Web est sp\u00e9cifi\u00e9, mais cette date ne correspond pas \u00e0 un commentaire de notre part. Ces cookies peuvent \u00eatre cuits pendant un an. Vous pouvez utiliser les cookies directement dans les fonctionnalit\u00e9s de votre navigateur.<\/p>\n<p class=\"p1\">Si vous laissez un commentaire et choisissez d&#039;enregistrer vos informations, un cookie peut stocker votre nom, votre adresse courriel et, le cas \u00e9ch\u00e9ant, l&#039;adresse de votre site web afin que vous n&#039;ayez pas \u00e0 les saisir \u00e0 nouveau lors de votre prochaine visite. Ces cookies peuvent \u00eatre conserv\u00e9s pendant un an maximum. Vous pouvez les supprimer \u00e0 tout moment dans les param\u00e8tres de votre navigateur.<\/p>\n<p class=\"p3\">\u00a0<\/p>\t\t\t\t\t\t\t\t<\/div>\n\t\t\t\t<div class=\"elementor-element elementor-element-4d057bd elementor-widget elementor-widget-text-editor\" data-id=\"4d057bd\" data-element_type=\"widget\" data-e-type=\"widget\" data-widget_type=\"text-editor.default\">\n\t\t\t\t\t\t\t\t\t<h2>5. Kontaktaufnahme (formulaire de contact 7 \/ e-mail) \/ Contact (formulaire de contact 7 \/ e-mail)<\/h2>\n<p>Si vous utilisez le formulaire de contact 7 ou par e-mail, contactez-nous pour obtenir les dates indiqu\u00e9es (par exemple, nom, adresse e-mail, informations d\u00e9taill\u00e9es).<\/p>\n<p>Si vous nous contactez via le formulaire de contact 7 ou par e-mail, nous traitons les donn\u00e9es que vous nous fournissez (par exemple, nom, adresse e-mail, contenu du message).<\/p>\n<p>Zweck \/ Objectif : Bearbeitung Ihrer Anfrage und Kommunikation.<\/p>\n<p>Rechtsgrundlage \/ Base juridique : Art. 6 abdos. 1 allum\u00e9. b DSGVO (vorvertraglich) sous l&#039;art. 6 abdos. 1 allum\u00e9. f DSGVO \/ Art. 6(1)(b) et\/ou l\u2019art. 6(1)(f) du RGPD.<\/p>\n<p>Speicherdauer \/ R\u00e9tention : bis zur abschlie\u00dfenden Bearbeitung und f\u00fcr notwendige Anschlusskommunikation ; Richtwert: bis zu 12 Monate, sofern keine gesetzlichen Pflichten eine l\u00e4ngere Speicherung erfordern.<\/p>\t\t\t\t\t\t\t\t<\/div>\n\t\t\t\t<div class=\"elementor-element elementor-element-4489872 elementor-widget elementor-widget-text-editor\" data-id=\"4489872\" data-element_type=\"widget\" data-e-type=\"widget\" data-widget_type=\"text-editor.default\">\n\t\t\t\t\t\t\t\t\t<h2 class=\"p3\">6. Kommentare \/ Comments<\/h2>\n<p class=\"p1\">Lorsque vous faites des commentaires, indiquez les donn\u00e9es au moyen du formulaire de commentaires, ainsi que les donn\u00e9es techniques (par exemple, adresse IP, agent utilisateur), en vous ins\u00e9rant dans le courrier anti-spam et les messages manquants.<\/p>\n<p class=\"p1\">Si vous laissez des commentaires, nous traitons les donn\u00e9es figurant dans le formulaire de commentaire ainsi que les donn\u00e9es techniques (par exemple, l&#039;adresse IP, l&#039;agent utilisateur), notamment pour pr\u00e9venir le spam et les abus.<\/p>\n<p class=\"p1\">Rechtsgrundlage \/ Base juridique : berechtigtes Interesse (Art. 6 Abs. 1 lit. f DSGVO) \/ int\u00e9r\u00eat l\u00e9gitime (Art. 6 (1)(f) RGPD).<\/p>\n<p class=\"p1\">Speicherdauer \/ Retention: Kommentare und Metadaten bleiben gespeichert, bis Sie eine L\u00f6schung verlangen ou bis eine L\u00f6schung aus rechtlichen\/sicherheitsrelevanten Gr\u00fcnden nicht m\u00f6glich ist.<\/p>\n<p class=\"p1\">Remarque\u00a0:\u00a0Avatare\/Gravatar n&#039;est pas activ\u00e9 sur ce site Web.<\/p>\t\t\t\t\t\t\t\t<\/div>\n\t\t\t\t<div class=\"elementor-element elementor-element-9ca7144 elementor-widget elementor-widget-text-editor\" data-id=\"9ca7144\" data-element_type=\"widget\" data-e-type=\"widget\" data-widget_type=\"text-editor.default\">\n\t\t\t\t\t\t\t\t\t<h2 class=\"p1\">7. Google Analytics 4 (GA4) et Google Tag Manager (GTM)<\/h2>\n<p class=\"p1\">Nous utilisons Google Analytics 4 (GA4) pour analyser les donn\u00e9es de notre site Web. Utilisez simplement le Google Tag Manager (GTM) pour l&#039;utilisation des balises de site Web. Le Tag Manager est lui-m\u00eame un outil d&#039;utilisation, vous pouvez utiliser d&#039;autres balises\/outils.<\/p>\n<p class=\"p1\">Nous utilisons Google Analytics 4 (GA4) pour analyser l&#039;utilisation de notre site web. Nous utilisons \u00e9galement Google Tag Manager (GTM) pour g\u00e9rer les balises de notre site. GTM est un outil de gestion qui peut d\u00e9clencher d&#039;autres balises ou outils.<\/p>\n<p class=\"p1\">Rechtsgrundlage \/ Base juridique : Einwilligung (Art. 6 Abs. 1 lit. a DSGVO) \/ consentement (Art. 6(1)(a) RGPD).<\/p>\n<p class=\"p1\">Steuerung \/ Control : Die Aktivierung erfolgt \u00fcber das Consent-Banner (Complianz). Aucune solution de balises Analytics n&#039;est utilis\u00e9e.<\/p>\n<p class=\"p1\">Largerruf \/ Retrait\u00a0: Sie k\u00f6nnen eine erteilte Einwilligung jederzeit \u00fcber die Consent-Einstellungen broadrufen\u00a0; die Rechtm\u00e4\u00dfigkeit der Verarbeitung bis zum Widerruf bleibt unber\u00fchrt.<\/p>\n<p class=\"p1\">Vous pouvez retirer votre consentement \u00e0 tout moment via les param\u00e8tres de consentement\u00a0; ce retrait n\u2019affecte pas la lic\u00e9it\u00e9 du traitement effectu\u00e9 avant ce retrait.<\/p>\n<p class=\"p1\">Remarque\u00a0: Les services Google ne peuvent pas \u00eatre utilis\u00e9s dans des pays tiers (par exemple aux \u00c9tats-Unis), ni au niveau de la configuration ni des services appropri\u00e9s.<\/p>\t\t\t\t\t\t\t\t<\/div>\n\t\t\t\t<div class=\"elementor-element elementor-element-a1a5c1a elementor-widget elementor-widget-text-editor\" data-id=\"a1a5c1a\" data-element_type=\"widget\" data-e-type=\"widget\" data-widget_type=\"text-editor.default\">\n\t\t\t\t\t\t\t\t\t<h2>8. Eingebettete Inhalte \/ Contenu int\u00e9gr\u00e9 (YouTube, Instagram\/TikTok, Google Maps, Spotify)<\/h2>\n<p class=\"p1\">Auf notre site Web k\u00f6nnen Inhalte Dritter eingebettet sein (par exemple, vid\u00e9os, publications sur les r\u00e9seaux sociaux, cartes, audio). Beim Laden solcher Inhalte k\u00f6nnen die jeweiligen Anbieter personenbezogene Daten verarbeiten (par ex. B. IP-Adresse, Cookies, Ger\u00e4te- und Nutzungsdaten) et votre interaction avec dem eingebetteten Inhalt erfassen \u2014 insbesondere wenn Sie beim Anbieter eingeloggt sind.<\/p>\n<p class=\"p1\">Notre site web peut inclure du contenu tiers int\u00e9gr\u00e9 (par exemple, des vid\u00e9os, des publications sur les r\u00e9seaux sociaux, des cartes, des fichiers audio). Lors du chargement de ce contenu, le fournisseur peut traiter des donn\u00e9es personnelles (par exemple, l&#039;adresse IP, les cookies, les donn\u00e9es relatives \u00e0 l&#039;appareil et \u00e0 son utilisation) et suivre les interactions, notamment si vous \u00eates connect\u00e9 \u00e0 son compte.<\/p>\n<p class=\"p1\">Rechtsgrundlage \/ Base juridique : Einwilligung (Art. 6 Abs. 1 lit. a DSGVO) soweit erforderlich \/ consentement si n\u00e9cessaire.<\/p>\t\t\t\t\t\t\t\t<\/div>\n\t\t\t\t<div class=\"elementor-element elementor-element-48fd0b0 elementor-widget elementor-widget-text-editor\" data-id=\"48fd0b0\" data-element_type=\"widget\" data-e-type=\"widget\" data-widget_type=\"text-editor.default\">\n\t\t\t\t\t\t\t\t\t<h2>9. Liens d&#039;affiliation (Unicity) \/ Liens d&#039;affiliation (Unicity)<\/h2>\n<p class=\"p1\">Nous vous proposons des liens d&#039;affiliation\/de r\u00e9f\u00e9rence (derzeit Unicity). En cliquant sur les liens, vous pouvez utiliser les technologies (par exemple les cookies) pour cr\u00e9er une mise \u00e0 disposition\/mise \u00e0 disposition appropri\u00e9e.<\/p>\n<p class=\"p1\">Nous utilisons des liens d&#039;affiliation\/de parrainage (actuellement Unicity). Lorsque vous cliquez sur ces liens, le fournisseur peut utiliser des technologies (par exemple, des cookies) pour attribuer la commission.<\/p>\n<p class=\"p1\">Rechtsgrundlage \/ Base juridique : Einwilligung (Art. 6 Abs. 1 lit. a DSGVO) soweit Tracking\/Cookies eingesetzt werden \/ consentement lorsque le suivi\/cookies sont utilis\u00e9s.<\/p>\t\t\t\t\t\t\t\t<\/div>\n\t\t\t\t<div class=\"elementor-element elementor-element-a0490f5 elementor-widget elementor-widget-text-editor\" data-id=\"a0490f5\" data-element_type=\"widget\" data-e-type=\"widget\" data-widget_type=\"text-editor.default\">\n\t\t\t\t\t\t\t\t\t<h2>10. Ihre Rechte \/ Your rights<\/h2>\n<p>Vous avez la DSGVO en charge du droit auf\u00a0:<\/p>\n<p>\u2022 Auskunft, Berichtigung, L\u00f6schung<\/p>\n<p>\u2022 Einschr\u00e4nkung der Verarbeitung<\/p>\n<p>\u2022 Daten\u00fcbertragbarkeit<\/p>\n<p>\u2022 Largerspruch gegen Verarbeitungen auf Basis berechtigter Interessen<\/p>\n<p>\u2022 Largerruf erteilter Einwilligungen mit Wirkung f\u00fcr die Zukunft<\/p>\n<p>Vous disposez de droits en vertu du RGPD, notamment le droit d&#039;acc\u00e8s, de rectification, d&#039;effacement, de limitation du traitement, de portabilit\u00e9 des donn\u00e9es, d&#039;opposition et le droit de retirer votre consentement \u00e0 tout moment avec effet pour l&#039;avenir.<\/p>\t\t\t\t\t\t\t\t<\/div>\n\t\t\t\t<div class=\"elementor-element elementor-element-225260a elementor-widget elementor-widget-text-editor\" data-id=\"225260a\" data-element_type=\"widget\" data-e-type=\"widget\" data-widget_type=\"text-editor.default\">\n\t\t\t\t\t\t\t\t\t<h2>11. Beschwerderecht (Sachsen) \/ Droit de d\u00e9poser une plainte (Saxe)<\/h2>\n<p>Zust\u00e4ndige Aufsichtsbeh\u00f6rde en Saxe\u00a0:<\/p>\n<p>S\u00e4chsische Datenschutz- und Transparenzbeauftragte<\/p>\n<p>Maternistra\u00dfe 17, 01067 Dresde, Allemagne<\/p>\n<p>T\u00e9l. : +49 351 85471-101<\/p>\n<p>Courriel\u00a0: post@sdtb.sachsen.de<\/p>\n<p>Site web\u00a0: https:\/\/www.datenschutz.sachsen.de<\/p>\t\t\t\t\t\t\t\t<\/div>\n\t\t\t\t\t<\/div>\n\t\t\t\t<\/div>\n\t\t\t\t<\/div>","protected":false},"excerpt":{"rendered":"<p>Datenschutzerkl\u00e4rung \/ Privacy Policy Website: https:\/\/michaeltomasiniwellness.com Stand \/ Last updated: 4. Januar 2026 \/ January 4, 2026 1. Verantwortlicher \/ Controller Michael Tomasini Steinbergsiedlung 4, 09122 Chemnitz, Germany E-Mail \/ Email: michaelunicity2722@gmail.com Telefon \/ Phone: +49 (0)15221995223 Ein Datenschutzbeauftragter ist nicht bestellt. \/ We have not appointed a Data Protection Officer (DPO). 2. Allgemeine Hinweise [&hellip;]<\/p>\n","protected":false},"author":1,"featured_media":0,"parent":0,"menu_order":0,"comment_status":"closed","ping_status":"closed","template":"","meta":{"content-type":"","footnotes":""},"class_list":["post-3","page","type-page","status-publish","hentry"],"yoast_head":"<!-- This site is optimized with the Yoast SEO plugin v27.3 - https:\/\/yoast.com\/product\/yoast-seo-wordpress\/ -->\n<title>Datenschutzerkl\u00e4rung Privacy Policy - Wellness by Michael Tomasini<\/title>\n<meta name=\"robots\" content=\"index, follow, max-snippet:-1, max-image-preview:large, max-video-preview:-1\" \/>\n<link rel=\"canonical\" href=\"https:\/\/michaeltomasiniwellness.com\/fr\/politique-de-confidentialite\/\" \/>\n<meta property=\"og:locale\" content=\"fr_FR\" \/>\n<meta property=\"og:type\" content=\"article\" \/>\n<meta property=\"og:title\" content=\"Datenschutzerkl\u00e4rung Privacy Policy - Wellness by Michael Tomasini\" \/>\n<meta property=\"og:description\" content=\"Datenschutzerkl\u00e4rung \/ Privacy Policy Website: https:\/\/michaeltomasiniwellness.com Stand \/ Last updated: 4. Januar 2026 \/ January 4, 2026 1. Verantwortlicher \/ Controller Michael Tomasini Steinbergsiedlung 4, 09122 Chemnitz, Germany E-Mail \/ Email: michaelunicity2722@gmail.com Telefon \/ Phone: +49 (0)15221995223 Ein Datenschutzbeauftragter ist nicht bestellt. \/ We have not appointed a Data Protection Officer (DPO). 2. Allgemeine Hinweise [&hellip;]\" \/>\n<meta property=\"og:url\" content=\"https:\/\/michaeltomasiniwellness.com\/fr\/politique-de-confidentialite\/\" \/>\n<meta property=\"og:site_name\" content=\"Wellness by Michael Tomasini\" \/>\n<meta property=\"article:modified_time\" content=\"2026-01-04T12:37:54+00:00\" \/>\n<meta name=\"twitter:card\" content=\"summary_large_image\" \/>\n<meta name=\"twitter:label1\" content=\"Dur\u00e9e de lecture estim\u00e9e\" \/>\n\t<meta name=\"twitter:data1\" content=\"6 minutes\" \/>\n<script type=\"application\/ld+json\" class=\"yoast-schema-graph\">{\"@context\":\"https:\\\/\\\/schema.org\",\"@graph\":[{\"@type\":\"WebPage\",\"@id\":\"https:\\\/\\\/michaeltomasiniwellness.com\\\/privacy-policy\\\/\",\"url\":\"https:\\\/\\\/michaeltomasiniwellness.com\\\/privacy-policy\\\/\",\"name\":\"Datenschutzerkl\u00e4rung Privacy Policy - Wellness by Michael Tomasini\",\"isPartOf\":{\"@id\":\"https:\\\/\\\/michaeltomasiniwellness.com\\\/#website\"},\"datePublished\":\"2025-10-30T16:44:55+00:00\",\"dateModified\":\"2026-01-04T12:37:54+00:00\",\"breadcrumb\":{\"@id\":\"https:\\\/\\\/michaeltomasiniwellness.com\\\/privacy-policy\\\/#breadcrumb\"},\"inLanguage\":\"fr-FR\",\"potentialAction\":[{\"@type\":\"ReadAction\",\"target\":[\"https:\\\/\\\/michaeltomasiniwellness.com\\\/privacy-policy\\\/\"]}]},{\"@type\":\"BreadcrumbList\",\"@id\":\"https:\\\/\\\/michaeltomasiniwellness.com\\\/privacy-policy\\\/#breadcrumb\",\"itemListElement\":[{\"@type\":\"ListItem\",\"position\":1,\"name\":\"Home\",\"item\":\"https:\\\/\\\/michaeltomasiniwellness.com\\\/\"},{\"@type\":\"ListItem\",\"position\":2,\"name\":\"Datenschutzerkl\u00e4rung Privacy Policy\"}]},{\"@type\":\"WebSite\",\"@id\":\"https:\\\/\\\/michaeltomasiniwellness.com\\\/#website\",\"url\":\"https:\\\/\\\/michaeltomasiniwellness.com\\\/\",\"name\":\"Wellness by Michael Tomasini\",\"description\":\"Fix Metabolism, Fix Life\",\"publisher\":{\"@id\":\"https:\\\/\\\/michaeltomasiniwellness.com\\\/#\\\/schema\\\/person\\\/7bc3dbf58a36a8808495a392a98e0dce\"},\"potentialAction\":[{\"@type\":\"SearchAction\",\"target\":{\"@type\":\"EntryPoint\",\"urlTemplate\":\"https:\\\/\\\/michaeltomasiniwellness.com\\\/?s={search_term_string}\"},\"query-input\":{\"@type\":\"PropertyValueSpecification\",\"valueRequired\":true,\"valueName\":\"search_term_string\"}}],\"inLanguage\":\"fr-FR\"},{\"@type\":[\"Person\",\"Organization\"],\"@id\":\"https:\\\/\\\/michaeltomasiniwellness.com\\\/#\\\/schema\\\/person\\\/7bc3dbf58a36a8808495a392a98e0dce\",\"name\":\"Michael Tomasini\",\"image\":{\"@type\":\"ImageObject\",\"inLanguage\":\"fr-FR\",\"@id\":\"https:\\\/\\\/michaeltomasiniwellness.com\\\/wp-content\\\/uploads\\\/2025\\\/10\\\/logo_sc-tomasini-removebg-preview-1-1.png\",\"url\":\"https:\\\/\\\/michaeltomasiniwellness.com\\\/wp-content\\\/uploads\\\/2025\\\/10\\\/logo_sc-tomasini-removebg-preview-1-1.png\",\"contentUrl\":\"https:\\\/\\\/michaeltomasiniwellness.com\\\/wp-content\\\/uploads\\\/2025\\\/10\\\/logo_sc-tomasini-removebg-preview-1-1.png\",\"width\":482,\"height\":231,\"caption\":\"Michael Tomasini\"},\"logo\":{\"@id\":\"https:\\\/\\\/michaeltomasiniwellness.com\\\/wp-content\\\/uploads\\\/2025\\\/10\\\/logo_sc-tomasini-removebg-preview-1-1.png\"}}]}<\/script>\n<!-- \/ Yoast SEO plugin. -->","yoast_head_json":{"title":"Datenschutzerkl\u00e4rung Politique de confidentialit\u00e9 - Bien-\u00eatre par Michael Tomasini","robots":{"index":"index","follow":"follow","max-snippet":"max-snippet:-1","max-image-preview":"max-image-preview:large","max-video-preview":"max-video-preview:-1"},"canonical":"https:\/\/michaeltomasiniwellness.com\/fr\/politique-de-confidentialite\/","og_locale":"fr_FR","og_type":"article","og_title":"Datenschutzerkl\u00e4rung Privacy Policy - Wellness by Michael Tomasini","og_description":"Datenschutzerkl\u00e4rung \/ Privacy Policy Website: https:\/\/michaeltomasiniwellness.com Stand \/ Last updated: 4. Januar 2026 \/ January 4, 2026 1. Verantwortlicher \/ Controller Michael Tomasini Steinbergsiedlung 4, 09122 Chemnitz, Germany E-Mail \/ Email: michaelunicity2722@gmail.com Telefon \/ Phone: +49 (0)15221995223 Ein Datenschutzbeauftragter ist nicht bestellt. \/ We have not appointed a Data Protection Officer (DPO). 2. Allgemeine Hinweise [&hellip;]","og_url":"https:\/\/michaeltomasiniwellness.com\/fr\/politique-de-confidentialite\/","og_site_name":"Wellness by Michael Tomasini","article_modified_time":"2026-01-04T12:37:54+00:00","twitter_card":"summary_large_image","twitter_misc":{"Dur\u00e9e de lecture estim\u00e9e":"6 minutes"},"schema":{"@context":"https:\/\/schema.org","@graph":[{"@type":"WebPage","@id":"https:\/\/michaeltomasiniwellness.com\/privacy-policy\/","url":"https:\/\/michaeltomasiniwellness.com\/privacy-policy\/","name":"Datenschutzerkl\u00e4rung Politique de confidentialit\u00e9 - Bien-\u00eatre par Michael Tomasini","isPartOf":{"@id":"https:\/\/michaeltomasiniwellness.com\/#website"},"datePublished":"2025-10-30T16:44:55+00:00","dateModified":"2026-01-04T12:37:54+00:00","breadcrumb":{"@id":"https:\/\/michaeltomasiniwellness.com\/privacy-policy\/#breadcrumb"},"inLanguage":"fr-FR","potentialAction":[{"@type":"ReadAction","target":["https:\/\/michaeltomasiniwellness.com\/privacy-policy\/"]}]},{"@type":"BreadcrumbList","@id":"https:\/\/michaeltomasiniwellness.com\/privacy-policy\/#breadcrumb","itemListElement":[{"@type":"ListItem","position":1,"name":"Home","item":"https:\/\/michaeltomasiniwellness.com\/"},{"@type":"ListItem","position":2,"name":"Datenschutzerkl\u00e4rung Privacy Policy"}]},{"@type":"WebSite","@id":"https:\/\/michaeltomasiniwellness.com\/#website","url":"https:\/\/michaeltomasiniwellness.com\/","name":"Wellness by Michael Tomasini","description":"Am\u00e9liorer son m\u00e9tabolisme, c&#039;est am\u00e9liorer sa vie.","publisher":{"@id":"https:\/\/michaeltomasiniwellness.com\/#\/schema\/person\/7bc3dbf58a36a8808495a392a98e0dce"},"potentialAction":[{"@type":"SearchAction","target":{"@type":"EntryPoint","urlTemplate":"https:\/\/michaeltomasiniwellness.com\/?s={search_term_string}"},"query-input":{"@type":"PropertyValueSpecification","valueRequired":true,"valueName":"search_term_string"}}],"inLanguage":"fr-FR"},{"@type":["Person","Organization"],"@id":"https:\/\/michaeltomasiniwellness.com\/#\/schema\/person\/7bc3dbf58a36a8808495a392a98e0dce","name":"Michael Tomasini","image":{"@type":"ImageObject","inLanguage":"fr-FR","@id":"https:\/\/michaeltomasiniwellness.com\/wp-content\/uploads\/2025\/10\/logo_sc-tomasini-removebg-preview-1-1.png","url":"https:\/\/michaeltomasiniwellness.com\/wp-content\/uploads\/2025\/10\/logo_sc-tomasini-removebg-preview-1-1.png","contentUrl":"https:\/\/michaeltomasiniwellness.com\/wp-content\/uploads\/2025\/10\/logo_sc-tomasini-removebg-preview-1-1.png","width":482,"height":231,"caption":"Michael Tomasini"},"logo":{"@id":"https:\/\/michaeltomasiniwellness.com\/wp-content\/uploads\/2025\/10\/logo_sc-tomasini-removebg-preview-1-1.png"}}]}},"_links":{"self":[{"href":"https:\/\/michaeltomasiniwellness.com\/fr\/wp-json\/wp\/v2\/pages\/3","targetHints":{"allow":["GET"]}}],"collection":[{"href":"https:\/\/michaeltomasiniwellness.com\/fr\/wp-json\/wp\/v2\/pages"}],"about":[{"href":"https:\/\/michaeltomasiniwellness.com\/fr\/wp-json\/wp\/v2\/types\/page"}],"author":[{"embeddable":true,"href":"https:\/\/michaeltomasiniwellness.com\/fr\/wp-json\/wp\/v2\/users\/1"}],"replies":[{"embeddable":true,"href":"https:\/\/michaeltomasiniwellness.com\/fr\/wp-json\/wp\/v2\/comments?post=3"}],"version-history":[{"count":8,"href":"https:\/\/michaeltomasiniwellness.com\/fr\/wp-json\/wp\/v2\/pages\/3\/revisions"}],"predecessor-version":[{"id":4977,"href":"https:\/\/michaeltomasiniwellness.com\/fr\/wp-json\/wp\/v2\/pages\/3\/revisions\/4977"}],"wp:attachment":[{"href":"https:\/\/michaeltomasiniwellness.com\/fr\/wp-json\/wp\/v2\/media?parent=3"}],"curies":[{"name":"wp","href":"https:\/\/api.w.org\/{rel}","templated":true}]}}